{"id":10086,"date":"2023-01-24T16:42:10","date_gmt":"2023-01-24T19:42:10","guid":{"rendered":"https:\/\/vivertiradentes.com.br\/site\/?page_id=10086"},"modified":"2023-01-24T16:42:10","modified_gmt":"2023-01-24T19:42:10","slug":"politica-de-privacidade","status":"publish","type":"page","link":"https:\/\/www.vivertiradentes.com.br\/site\/politica-de-privacidade\/","title":{"rendered":"Pol\u00edtica de Privacidade"},"content":{"rendered":"<p><span style=\"color: #ff0000;\">P\u00e1gina de Pol\u00edtica de Privacidade &#8211; Ultima atualiza\u00e7\u00e3o em 24\/01\/2023<\/span><\/p>\r\n<p><strong>QUEM SOMOS <br \/><\/strong>Viver Tiradentes \u00e9 um canal de comunica\u00e7\u00e3o digital e de apoio para o turista que vai visitar ou j\u00e1 est\u00e1 realizando seu passeio na cidade. \u00c9 tamb\u00e9m um canal de informa\u00e7\u00e3o para quem reside na cidade. Sua proposta \u00e9 levar informa\u00e7\u00e3o de qualidade e servi\u00e7os relevantes auxiliando, de forma preliminar o que a cidade oferece e, assim, contribui para que o visitante fa\u00e7a as melhores escolhas e aproveite ao m\u00e1ximo seus dias por aqui. Desta forma, esperamos contribuir para que leve consigo uma experi\u00eancia positiva e o desejo de voltar para viver novas sensa\u00e7\u00f5es.<br \/><br \/>Viver Tiradentes &#8211; Servi\u00e7o<br \/>Raz\u00e3o Social: Marcelo da Silva Lopes \u2013 ME<br \/>CNPJ: 14.543.769\/0001-60<br \/>Inscri\u00e7\u00e3o Estadual: 001864088.00-93<\/p>\r\n<p><strong>INFORMA\u00c7\u00d5ES PARA CONTATO CONOSCO:<\/strong> <br \/>Tel:032 99934-7677 &#8211; E-mail:vivertiradentes58@gmail.com<\/p>\r\n<p><strong>SUA PRIVACIDADE \u00c9 MUITO IMPORTANTE PARA N\u00d3S<\/strong> <br \/>Ao acessar o nosso site, voc\u00ea compartilha automaticamente algumas informa\u00e7\u00f5es. Isso \u00e9 muito importante para que os servi\u00e7os sejam aprimorados e para que voc\u00ea tenha uma experi\u00eancia online \u00fanica e personalizada. Al\u00e9m disso, ao conhecer a nossa pol\u00edtica de privacidade, voc\u00ea poder\u00e1 contribuir para a modula\u00e7\u00e3o da sua experi\u00eancia de acordo com as suas escolhas de navega\u00e7\u00e3o, tornando o site cada vez mais seu. Para se adaptar \u00e0s expectativas dos usu\u00e1rios, o nosso site poder\u00e1 modificar a sua Pol\u00edtica de Privacidade. Assim, \u00e9 importante que voc\u00ea consulte nossa pol\u00edtica regularmente e caso n\u00e3o concorde com as altera\u00e7\u00f5es promovidas, entre em contato com nossos canais de relacionamento ou descontinue o uso do seu servi\u00e7o deixando de acess\u00e1-lo.<\/p>\r\n<!-- \/wp:post-content -->\r\n<p><strong>O QUE COLETAMOS E POR QU\u00ca? <br \/><\/strong>Ao navegar pelo nosso site sem desabilitar Cookies sem optar por uma navega\u00e7\u00e3o an\u00f4nima ou sem fazer o logout em servi\u00e7os da Google, voc\u00ea compartilha o seu hist\u00f3rico de acesso de aplica\u00e7\u00f5es, sendo este armazenado por meio do emprego de tecnologias espec\u00edficas para coleta de informa\u00e7\u00f5es (\u201cIdentificadores An\u00f4nimos\u201d e \u201ccookies\u201d). Este compartilhamento, entretanto, n\u00e3o abrange o armazenamento de dados ou informa\u00e7\u00f5es pessoais suas, tais como: nome, endere\u00e7o, e-mail, entre outros, mas t\u00e3o somente proporciona a voc\u00ea uma intera\u00e7\u00e3o com o site e servi\u00e7os neste disponibilizados de acordo com suas escolhas de navega\u00e7\u00e3o, de forma que estas moldar\u00e3o os servi\u00e7os e an\u00fancios oferecidos a voc\u00ea. Sendo assim, ao acessar as p\u00e1ginas do site sem desabilitar tais tecnologias, voc\u00ea expressamente escolhe este tipo de navega\u00e7\u00e3o voltado exclusivamente aos seus interesses e, portanto, autoriza o armazenamento de informa\u00e7\u00f5es por meio destas tecnologias.<\/p>\r\n<p class=\"text\"><strong>Desabilita\u00e7\u00e3o de cookies <br \/><\/strong>O controle sobre o compartilhamento de informa\u00e7\u00f5es por cookie se d\u00e1 por meio do seu navegador. Ent\u00e3o, para evitar total ou parcialmente o compartilhamento por essa tecnologia, voc\u00ea ter\u00e1 que modificar as configura\u00e7\u00f5es do seu navegador. Para saber como modificar essas configura\u00e7\u00f5es, verifique o navegador utilizado por voc\u00ea e proceda conforme as instru\u00e7\u00f5es constantes no link abaixo respectivo: <a href=\"https:\/\/support.google.com\/chrome\/answer\/95647?hl=pt-BR\" target=\"_blank\" rel=\"noopener\">Chrome<\/a> <a href=\"https:\/\/support.mozilla.org\/pt-BR\/kb\/ativando-e-desativando-cookies\" target=\"_blank\" rel=\"noopener\">Firefox<\/a> <a href=\"https:\/\/support.apple.com\/kb\/HT1677?viewlocale=pt_BR&amp;locale=pt_BR\" target=\"_blank\" rel=\"noopener\">Safari<\/a> <a href=\"https:\/\/support.microsoft.com\/kb\/278835\/pt-br\" target=\"_blank\" rel=\"noopener\">Internet Explorer<\/a> Voc\u00ea tamb\u00e9m pode navegar em nosso site de forma an\u00f4nima utilizando este recurso direto no seu navegador:<\/p>\r\n<table class=\"curveTable\" width=\"1128\">\r\n<tbody>\r\n<tr>\r\n<td>\r\n<div><strong>Navegadores<\/strong><\/div>\r\n<\/td>\r\n<td>\r\n<div>Descri\u00e7\u00e3o<\/div>\r\n<\/td>\r\n<\/tr>\r\n<tr>\r\n<td>\r\n<div>\r\n<div>Google Chrome<\/div>\r\n<\/div>\r\n<\/td>\r\n<td>\r\n<div style=\"text-align: left;\">\r\n<div>Pressionar as teclas Ctrl + shift + n ou <a href=\"https:\/\/support.google.com\/chrome\/answer\/95464?hl=pt-BR\" target=\"_blank\" rel=\"noopener\">https:\/\/support.google.com\/chrome\/answer\/95464?hl=pt-BR<\/a><\/div>\r\n<\/div>\r\n<\/td>\r\n<\/tr>\r\n<tr>\r\n<td>\r\n<div>\r\n<div>Internet explorer 7<\/div>\r\n<\/div>\r\n<\/td>\r\n<td style=\"text-align: left;\"><a href=\"https:\/\/windows.microsoft.com\/pt-br\/windows\/what-is-inprivate-browsing#1TC=windows-7\" target=\"_blank\" rel=\"noopener\">https:\/\/windows.microsoft.com\/pt-br\/windows\/what-is-inprivate-browsing#1TC=windows-7<\/a><\/td>\r\n<\/tr>\r\n<tr>\r\n<td>\r\n<div>\r\n<div>Internet explorer 9<\/div>\r\n<\/div>\r\n<\/td>\r\n<td>\r\n<div>\r\n<div style=\"text-align: left;\"><a href=\"https:\/\/windows.microsoft.com\/pt-br\/internet-explorer\/products\/ie-9\/features\/in-private\" target=\"_blank\" rel=\"noopener\">https:\/\/windows.microsoft.com\/pt-br\/internet-explorer\/products\/ie-9\/features\/in-private\u00a0<\/a>ou Pressionar as teclas Ctrl+Shift+ p<\/div>\r\n<\/div>\r\n<\/td>\r\n<\/tr>\r\n<tr>\r\n<td>\r\n<div>\r\n<div>Mozilla<\/div>\r\n<\/div>\r\n<\/td>\r\n<td>\r\n<div>\r\n<div style=\"text-align: left;\">Pressionar as teclas Ctrl+Shift+p ou <a href=\"https:\/\/support.mozilla.org\/pt-BR\/kb\/navegacao-privativa?redirectlocale=en-US&amp;as=u&amp;redirectslug=Private+Browsing&amp;utm_source=inproduct\" target=\"_blank\" rel=\"noopener\">https:\/\/support.mozilla.org\/pt-BR\/kb\/navegacao-privativa?redirectlocale=en-US&amp;as=u&amp;redirectslug=Private+Browsing&amp;utm_source=inproduct<\/a><\/div>\r\n<\/div>\r\n<\/td>\r\n<\/tr>\r\n<tr>\r\n<td>\r\n<div>\r\n<div>Safari<\/div>\r\n<\/div>\r\n<\/td>\r\n<td style=\"text-align: left;\"><a href=\"https:\/\/safari.helpmax.net\/ps\/privacidade-e-seguranca\/como-navegar-em-privado\" target=\"_blank\" rel=\"noopener\">https:\/\/safari.helpmax.net\/ps\/privacidade-e-seguranca\/como-navegar-em-privado<\/a><\/td>\r\n<\/tr>\r\n<\/tbody>\r\n<\/table>\r\n<p><strong>M\u00eddia incorporada de outros sites<\/strong> <br \/>Alguns artigos neste site podem incluir conte\u00fado incorporado como, por exemplo, v\u00eddeos, imagens, textos, etc. Conte\u00fados incorporados de outros sites se comportam exatamente da mesma forma como se o visitante estivesse visitando o outro site.<\/p>\r\n<!-- \/wp:paragraph -->\r\n\r\n<!-- wp:paragraph -->\r\n<p>Estes sites podem coletar dados sobre voc\u00ea, usar cookies, incorporar rastreamento adicional de terceiros e monitorar sua intera\u00e7\u00e3o com este conte\u00fado incorporado, incluindo sua intera\u00e7\u00e3o com o conte\u00fado incorporado se voc\u00ea tem uma conta e est\u00e1 conectado com o site. <strong>Cookies de Terceiros: <\/strong>Nosso site utiliza algumas ferramentas terceirizadas para an\u00e1lises e publicidade. Estas ferramentas tamb\u00e9m coletam dados. Informamos abaixo um breve resumo e o link para que voc\u00ea possa conhecer a fundo cada dado coletado<\/p>\r\n<ul>\r\n<li><strong>Google Analytics<\/strong> <br \/>Nosso site utiliza o Google Analytics para a coleta e processamento de Dados, conforme pol\u00edticas do Google dispon\u00edveis em <a href=\"https:\/\/www.google.com\/intl\/pt-BR\/policies\/privacy\/partners\/\">https:\/\/www.google.com\/intl\/pt-BR\/policies\/privacy\/partners\/<\/a>, <a href=\"https:\/\/policies.google.com\/privacy\">https:\/\/policies.google.com\/privacy<\/a> e <a href=\"https:\/\/policies.google.com\/terms\">https:\/\/policies.google.com\/terms<\/a> com as quais o Usu\u00e1rio tamb\u00e9m deve concordar ao aceitar a presente Pol\u00edtica de Privacidade. Quaisquer usos feitos pelo Google ou seus parceiros dos Dados do Usu\u00e1rio, coletados por meio dessa ferramenta ser\u00e1 de responsabilidade \u00fanica e exclusiva do Google, sendo o SITE MARCELO LOPES isento de quaisquer responsabilidades resultantes de tal uso pelo Google.<br \/><br \/><\/li>\r\n<li><strong>Google Adsense<\/strong> <br \/>As publicidades da Google veiculadas em nosso site usam cookies para veicular an\u00fancios com base em visitas anteriores do usu\u00e1rio ao seu website ou a outros websites. Com o uso de cookies de publicidade, o Google e os parceiros dele podem veicular an\u00fancios para os usu\u00e1rios com base nas visitas feitas aos seus sites e\/ou a outros sites na Internet. Os usu\u00e1rios podem desativar a publicidade personalizada acessando as <a href=\"https:\/\/www.google.com\/settings\/ads\" target=\"_blank\" rel=\"noopener\">Configura\u00e7\u00f5es de an\u00fancios<\/a>. Como alternativa, que acesse o site <a href=\"http:\/\/www.aboutads.info\/choices\/\" target=\"_blank\" rel=\"noopener\">www.aboutads.info<\/a> para desativar o uso de cookies de publicidade personalizada de terceiros.<\/li>\r\n<\/ul>\r\n<p><strong><br \/>SEUS DIREITOS<\/strong> Descrevemos abaixo os direitos garantidos dispon\u00edveis:<\/p>\r\n<ol>\r\n<li>Direito de confirmar a exist\u00eancia de tratamento de seus dados pessoais, na forma do artigo 18, I, da Lei Geral de Prote\u00e7\u00e3o de Dados \u2013 Lei n\u00ba 13.709\/2018.<\/li>\r\n<li>Direito de acesso aos seus dados pessoais, na forma do artigo 18, II, da Lei Geral de Prote\u00e7\u00e3o de Dados \u2013 Lei n\u00ba 13.709\/2018.<\/li>\r\n<li>Direito de corre\u00e7\u00e3o de dados incompletos, inexatos ou desatualizados, na forma do artigo 18, III, da Lei Geral de Prote\u00e7\u00e3o de Dados \u2013 Lei n\u00ba 13.709\/2018.<\/li>\r\n<li>Direito de elimina\u00e7\u00e3o dos dados pessoais, na forma do artigo 18, IV e VI, da Lei Geral de Prote\u00e7\u00e3o de Dados \u2013 Lei n\u00ba 13.709\/2018.<\/li>\r\n<li>Direito de bloqueio do tratamento de dados pessoais, na forma do artigo 18, IV, da Lei Geral de Prote\u00e7\u00e3o de Dados \u2013 Lei n\u00ba 13.709\/2018.<\/li>\r\n<li>Direito de anonimiza\u00e7\u00e3o, na forma do artigo 18, IV, da Lei Geral de Prote\u00e7\u00e3o de Dados \u2013 Lei n\u00ba 13.709\/2018.<\/li>\r\n<li>Direito de portabilidade dos dados, na forma do artigo 18, V, da Lei Geral de Prote\u00e7\u00e3o de Dados \u2013 Lei n\u00ba 13.709\/2018.<\/li>\r\n<li>Direito de informa\u00e7\u00e3o sobre com quem foram compartilhados seus dados pessoais, na forma do artigo 18, VII, da Lei Geral de Prote\u00e7\u00e3o de Dados \u2013 Lei n\u00ba 13.709\/2018.<\/li>\r\n<li>Direito de informa\u00e7\u00e3o sobre a possibilidade de n\u00e3o fornecer consentimento e as consequ\u00eancias negativas, na forma do artigo 18, VIII, da Lei n\u00ba 13.709\/2018;<\/li>\r\n<li>Direito de revogar o consentimento, de modo simples, acess\u00edvel e facilitado, na forma do artigo 18, IX, da Lei Geral de Prote\u00e7\u00e3o de Dados \u2013 Lei n\u00ba 13.709\/2018.<\/li>\r\n<li>Direito de peticionar contra o Controlador perante a Autoridade Nacional de Prote\u00e7\u00e3o de Dados, os \u00f3rg\u00e3os de defesa do consumidor e\/ou o Poder Judici\u00e1rio, na forma dos artigos 18, \u00a7 1\u00ba, \u00a7 8\u00ba, e 22, da Lei Geral de Prote\u00e7\u00e3o de Dados \u2013 Lei n\u00ba 13.709\/2018.<\/li>\r\n<li>Direito de n\u00e3o se sujeitar a, ou de solicitar revis\u00f5es de, decis\u00f5es tomadas unicamente por conta do tratamento automatizado de seus dados pessoais, incluindo profiling, na forma do artigo 20, da Lei Geral de Prote\u00e7\u00e3o de Dados \u2013 Lei n\u00ba 13.709\/2018.<\/li>\r\n<\/ol>\r\n<p><strong>LIMITA\u00c7\u00d5ES DE RESPONSABILIDADE<\/strong> <br \/>Determinadas viola\u00e7\u00f5es \u00e0 confidencialidade dos seus dados pessoais podem ocorrer por conta exclusiva de falhas relacionadas exclusivamente \u00e0s suas condutas nos meios digitais. Por essa raz\u00e3o, os Usu\u00e1rios reconhecem e est\u00e3o cientes de que o <strong>SITE VIVER TIRADENTES<\/strong> n\u00e3o ser\u00e1 respons\u00e1vel:<\/p>\r\n<ol>\r\n<li>Pela presen\u00e7a de v\u00edrus, malwares, ransomwares ou demais elementos nocivos nos meios digitais que sejam capazes de realizar altera\u00e7\u00f5es, conhecidas ou desconhecidas, em seus sistemas inform\u00e1ticos ou em dados e documentos armazenados em seus sistemas inform\u00e1ticos, e que resultem no acesso indevido aos seus dados pessoais por terceiros;<br \/><br \/><\/li>\r\n<li>Pelos danos e preju\u00edzos de toda e qualquer natureza, advindos do acesso de terceiros n\u00e3o autorizados aos seus dados pessoais, quando tal acesso tenha se dado em raz\u00e3o de falha exclusivamente relacionada aos <strong>USU\u00c1RIOS<\/strong>\u00a0ou a terceiros e que fujam do controle razo\u00e1vel do <strong>SITE VIVER TIRADENTES<\/strong>;<\/li>\r\n<\/ol>\r\n<p id=\"portal-policy-how-we-will-notify--firstParagraph\"><strong>DISPOSI\u00c7\u00d5ES FINAIS<\/strong> <br \/>Estamos sempre melhorando nossa Pol\u00edtica e as mudan\u00e7as ser\u00e3o refletidas nesta p\u00e1gina. Ent\u00e3o, antes de usar um de nossos Servi\u00e7os d\u00ea uma olhadinha aqui. Voc\u00ea sempre ser\u00e1 avisado sobre qualquer altera\u00e7\u00e3o, seja atrav\u00e9s de aviso no Portal da Privacidade, nos Servi\u00e7os ou atrav\u00e9s de outros meios dispon\u00edveis.<\/p>\r\n<div class=\"portal-topic--content open\">\r\n<div class=\"portal-topic-content-block\">\r\n<p id=\"portal-policy-how-we-will-notify--secondParagraph\">Quando publicarmos altera\u00e7\u00f5es na Pol\u00edtica, atualizaremos a data em que a \u00faltima altera\u00e7\u00e3o foi publicada no topo desta p\u00e1gina.<\/p>\r\n<p id=\"portal-policy-how-we-will-notify--thirdParagraph\"><strong>Lembre-se: Ao continuar a acessar os Servi\u00e7os depois que tais altera\u00e7\u00f5es passarem a valer, voc\u00ea estar\u00e1 concordando em estar vinculado \u00e0 nova vers\u00e3o da Pol\u00edtica.<\/strong><\/p>\r\n<\/div>\r\n<\/div>","protected":false},"excerpt":{"rendered":"<p>P\u00e1gina de Pol\u00edtica de Privacidade &#8211; Ultima atualiza\u00e7\u00e3o em 24\/01\/2023 QUEM SOMOS Viver Tiradentes \u00e9 um canal de comunica\u00e7\u00e3o digital e de apoio para o turista que vai visitar ou [&hellip;]<\/p>\n","protected":false},"author":1,"featured_media":0,"parent":0,"menu_order":0,"comment_status":"closed","ping_status":"closed","template":"","meta":{"pgc_sgb_lightbox_settings":"","_EventAllDay":false,"_EventTimezone":"","_EventStartDate":"","_EventEndDate":"","_EventStartDateUTC":"","_EventEndDateUTC":"","_EventShowMap":false,"_EventShowMapLink":false,"_EventURL":"","_EventCost":"","_EventCostDescription":"","_EventCurrencySymbol":"","_EventCurrencyCode":"","_EventCurrencyPosition":"","_EventDateTimeSeparator":"","_EventTimeRangeSeparator":"","_EventOrganizerID":[],"_EventVenueID":[],"_OrganizerEmail":"","_OrganizerPhone":"","_OrganizerWebsite":"","_VenueAddress":"","_VenueCity":"","_VenueCountry":"","_VenueProvince":"","_VenueState":"","_VenueZip":"","_VenuePhone":"","_VenueURL":"","_VenueStateProvince":"","_VenueLat":"","_VenueLng":"","_VenueShowMap":false,"_VenueShowMapLink":false,"footnotes":""},"class_list":["post-10086","page","type-page","status-publish","hentry"],"_links":{"self":[{"href":"https:\/\/www.vivertiradentes.com.br\/site\/wp-json\/wp\/v2\/pages\/10086","targetHints":{"allow":["GET"]}}],"collection":[{"href":"https:\/\/www.vivertiradentes.com.br\/site\/wp-json\/wp\/v2\/pages"}],"about":[{"href":"https:\/\/www.vivertiradentes.com.br\/site\/wp-json\/wp\/v2\/types\/page"}],"author":[{"embeddable":true,"href":"https:\/\/www.vivertiradentes.com.br\/site\/wp-json\/wp\/v2\/users\/1"}],"replies":[{"embeddable":true,"href":"https:\/\/www.vivertiradentes.com.br\/site\/wp-json\/wp\/v2\/comments?post=10086"}],"version-history":[{"count":0,"href":"https:\/\/www.vivertiradentes.com.br\/site\/wp-json\/wp\/v2\/pages\/10086\/revisions"}],"wp:attachment":[{"href":"https:\/\/www.vivertiradentes.com.br\/site\/wp-json\/wp\/v2\/media?parent=10086"}],"curies":[{"name":"wp","href":"https:\/\/api.w.org\/{rel}","templated":true}]}}