{"id":9236,"date":"2022-08-29T21:16:17","date_gmt":"2022-08-30T00:16:17","guid":{"rendered":"https:\/\/vivertiradentes.com.br\/site\/?page_id=9236"},"modified":"2023-04-10T10:43:27","modified_gmt":"2023-04-10T13:43:27","slug":"sobre","status":"publish","type":"page","link":"https:\/\/www.vivertiradentes.com.br\/site\/sobre\/","title":{"rendered":"Sobre"},"content":{"rendered":"<p><i>Viver Tiradentes \u00e9 um canal de comunica\u00e7\u00e3o digital \u00a0com informa\u00e7\u00f5es sobre o munic\u00edpio de Tiradentes-MG e de apoio ao turista. Nossa proposta \u00e9 levar informa\u00e7\u00e3o de\u00a0qualidade e orienta\u00e7\u00f5es ao turista para que ele, ao chegar em Tiradentes, saiba o que vai encontrar, fa\u00e7a as melhores escolhas e aproveite ao m\u00e1ximo seus dias por aqui. Desta forma, esperamos contribuir para que leve consigo uma experi\u00eancia positiva e o desejo sincero de voltar para viver novas sensa\u00e7\u00f5es.<\/i><\/p>\n","protected":false},"excerpt":{"rendered":"<p>Viver Tiradentes \u00e9 um canal de comunica\u00e7\u00e3o digital \u00a0com informa\u00e7\u00f5es sobre o munic\u00edpio de Tiradentes-MG e de apoio ao turista. Nossa proposta \u00e9 levar informa\u00e7\u00e3o de\u00a0qualidade e orienta\u00e7\u00f5es ao turista [&hellip;]<\/p>\n","protected":false},"author":2,"featured_media":0,"parent":0,"menu_order":0,"comment_status":"closed","ping_status":"closed","template":"","meta":{"pgc_sgb_lightbox_settings":"","_EventAllDay":false,"_EventTimezone":"","_EventStartDate":"","_EventEndDate":"","_EventStartDateUTC":"","_EventEndDateUTC":"","_EventShowMap":false,"_EventShowMapLink":false,"_EventURL":"","_EventCost":"","_EventCostDescription":"","_EventCurrencySymbol":"","_EventCurrencyCode":"","_EventCurrencyPosition":"","_EventDateTimeSeparator":"","_EventTimeRangeSeparator":"","_EventOrganizerID":[],"_EventVenueID":[],"_OrganizerEmail":"","_OrganizerPhone":"","_OrganizerWebsite":"","_VenueAddress":"","_VenueCity":"","_VenueCountry":"","_VenueProvince":"","_VenueState":"","_VenueZip":"","_VenuePhone":"","_VenueURL":"","_VenueStateProvince":"","_VenueLat":"","_VenueLng":"","_VenueShowMap":false,"_VenueShowMapLink":false,"footnotes":""},"class_list":["post-9236","page","type-page","status-publish","hentry"],"_links":{"self":[{"href":"https:\/\/www.vivertiradentes.com.br\/site\/wp-json\/wp\/v2\/pages\/9236","targetHints":{"allow":["GET"]}}],"collection":[{"href":"https:\/\/www.vivertiradentes.com.br\/site\/wp-json\/wp\/v2\/pages"}],"about":[{"href":"https:\/\/www.vivertiradentes.com.br\/site\/wp-json\/wp\/v2\/types\/page"}],"author":[{"embeddable":true,"href":"https:\/\/www.vivertiradentes.com.br\/site\/wp-json\/wp\/v2\/users\/2"}],"replies":[{"embeddable":true,"href":"https:\/\/www.vivertiradentes.com.br\/site\/wp-json\/wp\/v2\/comments?post=9236"}],"version-history":[{"count":0,"href":"https:\/\/www.vivertiradentes.com.br\/site\/wp-json\/wp\/v2\/pages\/9236\/revisions"}],"wp:attachment":[{"href":"https:\/\/www.vivertiradentes.com.br\/site\/wp-json\/wp\/v2\/media?parent=9236"}],"curies":[{"name":"wp","href":"https:\/\/api.w.org\/{rel}","templated":true}]}}